{"id":58,"date":"2025-10-01T02:40:29","date_gmt":"2025-10-01T02:40:29","guid":{"rendered":"https:\/\/francofiorano.com.br\/?page_id=58"},"modified":"2025-10-17T04:31:25","modified_gmt":"2025-10-17T04:31:25","slug":"home","status":"publish","type":"page","link":"https:\/\/francofiorano.com.br\/","title":{"rendered":"Home"},"content":{"rendered":"\t\t<div data-elementor-type=\"wp-page\" data-elementor-id=\"58\" class=\"elementor elementor-58\" data-elementor-post-type=\"page\">\n\t\t\t\t<div class=\"elementor-element elementor-element-96cc2e1 e-flex e-con-boxed e-con e-parent\" data-id=\"96cc2e1\" data-element_type=\"container\" data-e-type=\"container\">\n\t\t\t\t\t<div class=\"e-con-inner\">\n\t\t<div class=\"elementor-element elementor-element-fd4402d e-con-full e-flex e-con e-child\" data-id=\"fd4402d\" data-element_type=\"container\" data-e-type=\"container\" data-settings=\"{&quot;position&quot;:&quot;absolute&quot;}\">\n\t\t\t\t<div class=\"elementor-element elementor-element-0579db8 elementor-widget elementor-widget-heading\" data-id=\"0579db8\" data-element_type=\"widget\" data-e-type=\"widget\" data-widget_type=\"heading.default\">\n\t\t\t\t\t<h2 class=\"elementor-heading-title elementor-size-default\">M\u00d3VEIS PLANEJADOS<\/h2>\t\t\t\t<\/div>\n\t\t<div class=\"elementor-element elementor-element-023864f e-con-full e-flex e-con e-child\" data-id=\"023864f\" data-element_type=\"container\" data-e-type=\"container\">\n\t\t\t\t<div class=\"elementor-element elementor-element-48054c2 elementor-widget elementor-widget-heading\" data-id=\"48054c2\" data-element_type=\"widget\" data-e-type=\"widget\" data-widget_type=\"heading.default\">\n\t\t\t\t\t<h2 class=\"elementor-heading-title elementor-size-default\">DIRETO DA F\u00c1BRICA PARA MORADORES E INVESTIDORES<\/h2>\t\t\t\t<\/div>\n\t\t<div class=\"elementor-element elementor-element-da584d6 e-con-full elementor-hidden-mobile e-flex e-con e-child\" data-id=\"da584d6\" data-element_type=\"container\" data-e-type=\"container\">\n\t\t\t\t<div class=\"elementor-element elementor-element-e681f42 elementor-align-center elementor-widget elementor-widget-button\" data-id=\"e681f42\" data-element_type=\"widget\" data-e-type=\"widget\" data-widget_type=\"button.default\">\n\t\t\t\t\t\t\t\t\t\t<a class=\"elementor-button elementor-button-link elementor-size-sm\" href=\"http:\/\/wa.me\/5511959076394\">\n\t\t\t\t\t\t<span class=\"elementor-button-content-wrapper\">\n\t\t\t\t\t\t\t\t\t<span class=\"elementor-button-text\">ENTRE EM CONTATO<\/span>\n\t\t\t\t\t<\/span>\n\t\t\t\t\t<\/a>\n\t\t\t\t\t\t\t\t<\/div>\n\t\t\t\t<\/div>\n\t\t\t\t<\/div>\n\t\t\t\t<\/div>\n\t\t\t\t<div class=\"elementor-element elementor-element-e4921c1 elementor-widget elementor-widget-video\" data-id=\"e4921c1\" data-element_type=\"widget\" data-e-type=\"widget\" data-settings=\"{&quot;video_type&quot;:&quot;hosted&quot;,&quot;autoplay&quot;:&quot;yes&quot;,&quot;play_on_mobile&quot;:&quot;yes&quot;,&quot;mute&quot;:&quot;yes&quot;,&quot;loop&quot;:&quot;yes&quot;}\" data-widget_type=\"video.default\">\n\t\t\t\t\t\t\t<div class=\"e-hosted-video elementor-wrapper elementor-open-inline\">\n\t\t\t\t\t<video class=\"elementor-video\" src=\"https:\/\/francofiorano.com.br\/wp-content\/uploads\/2025\/10\/Video_Franco_Fiorano.mp4_1759803555524.mp4\" autoplay=\"\" loop=\"\" muted=\"muted\" playsinline=\"\" controlsList=\"nodownload\"><\/video>\n\t\t\t\t<\/div>\n\t\t\t\t\t\t<\/div>\n\t\t\t\t\t<\/div>\n\t\t\t\t<\/div>\n\t\t<div class=\"elementor-element elementor-element-547e676 e-flex e-con-boxed elementor-invisible e-con e-parent\" data-id=\"547e676\" data-element_type=\"container\" data-e-type=\"container\" data-settings=\"{&quot;animation&quot;:&quot;slideInUp&quot;,&quot;motion_fx_motion_fx_scrolling&quot;:&quot;yes&quot;,&quot;motion_fx_translateY_effect&quot;:&quot;yes&quot;,&quot;motion_fx_translateY_speed&quot;:{&quot;unit&quot;:&quot;px&quot;,&quot;size&quot;:4,&quot;sizes&quot;:[]},&quot;motion_fx_translateY_affectedRange&quot;:{&quot;unit&quot;:&quot;%&quot;,&quot;size&quot;:&quot;&quot;,&quot;sizes&quot;:{&quot;start&quot;:0,&quot;end&quot;:100}},&quot;motion_fx_devices&quot;:[&quot;desktop&quot;,&quot;tablet&quot;,&quot;mobile&quot;]}\">\n\t\t\t\t\t<div class=\"e-con-inner\">\n\t\t<div class=\"elementor-element elementor-element-9c8fc34 e-con-full e-flex e-con e-child\" data-id=\"9c8fc34\" data-element_type=\"container\" data-e-type=\"container\" id=\"projetos\">\n\t\t\t\t<div class=\"elementor-element elementor-element-222922e elementor-widget elementor-widget-heading\" data-id=\"222922e\" data-element_type=\"widget\" data-e-type=\"widget\" data-settings=\"{&quot;_animation&quot;:&quot;none&quot;}\" data-widget_type=\"heading.default\">\n\t\t\t\t\t<h2 class=\"elementor-heading-title elementor-size-default\">Projetos<\/h2>\t\t\t\t<\/div>\n\t\t\t\t<\/div>\n\t\t<div class=\"elementor-element elementor-element-8868de3 e-con-full e-flex e-con e-child\" data-id=\"8868de3\" data-element_type=\"container\" data-e-type=\"container\">\n\t\t\t\t<div class=\"elementor-element elementor-element-2822f1c elementor-widget elementor-widget-heading\" data-id=\"2822f1c\" data-element_type=\"widget\" data-e-type=\"widget\" data-widget_type=\"heading.default\">\n\t\t\t\t\t<h2 class=\"elementor-heading-title elementor-size-default\">Portf\u00f3lio e experi\u00eancia em projetos 3d 100% edit\u00e1veis<\/h2>\t\t\t\t<\/div>\n\t\t\t\t<\/div>\n\t\t<div class=\"elementor-element elementor-element-e7fdcbc e-con-full e-flex e-con e-child\" data-id=\"e7fdcbc\" data-element_type=\"container\" data-e-type=\"container\" data-settings=\"{&quot;background_background&quot;:&quot;classic&quot;}\">\n\t\t<div class=\"elementor-element elementor-element-aaa2694 e-con-full e-flex e-con e-child\" data-id=\"aaa2694\" data-element_type=\"container\" data-e-type=\"container\">\n\t\t\t\t<div class=\"elementor-element elementor-element-b65dee3 elementor-widget elementor-widget-heading\" data-id=\"b65dee3\" data-element_type=\"widget\" data-e-type=\"widget\" data-widget_type=\"heading.default\">\n\t\t\t\t\t<h2 class=\"elementor-heading-title elementor-size-default\">Projeto 3D interativo com imagens reais<br>\n<p data-pm-slice=\"1 1 []\">Nossos projetos 3D d\u00e3o vida ao seu ambiente, permitindo que voc\u00ea veja e edite cada detalhe do seu projeto em tempo real. Transforme suas ideias em realidade antes mesmo da execu\u00e7\u00e3o, com total controle e personaliza\u00e7\u00e3o.<br>\n<br><br><img decoding=\"async\" loading=\"lazy\" src=\"https:\/\/cdn.prod.website-files.com\/6718e32423120e3f8fcaa4df\/671a4df63520192fab64aa77_check.svg\" alt=\"\" style=\"border-width: 0px;border-style: initial;vertical-align: middle;, Helvetica, sans-serif;font-size: 14px;letter-spacing: normal\"> Imagens realista<br>\n\n<br><img decoding=\"async\" loading=\"lazy\" src=\"https:\/\/cdn.prod.website-files.com\/6718e32423120e3f8fcaa4df\/671a4df63520192fab64aa77_check.svg\" alt=\"\" style=\"border-width: 0px;border-style: initial;vertical-align: middle;, Helvetica, sans-serif;font-size: 14px;letter-spacing: normal\"> Alto Padr\u00e3o<\/p><img decoding=\"async\" loading=\"lazy\" src=\"https:\/\/cdn.prod.website-files.com\/6718e32423120e3f8fcaa4df\/671a4df63520192fab64aa77_check.svg\" alt=\"\" style=\"border-width: 0px;border-style: initial;vertical-align: middle;, Helvetica, sans-serif;font-size: 14px;letter-spacing: normal\"> 100% Edit\u00e1vel<\/h2>\t\t\t\t<\/div>\n\t\t\t\t<\/div>\n\t\t<div class=\"elementor-element elementor-element-0ecec94 e-con-full e-flex elementor-invisible e-con e-child\" data-id=\"0ecec94\" data-element_type=\"container\" data-e-type=\"container\" data-settings=\"{&quot;animation&quot;:&quot;fadeIn&quot;}\">\n\t\t\t\t<div class=\"elementor-element elementor-element-222ee45 elementor-widget elementor-widget-video\" data-id=\"222ee45\" data-element_type=\"widget\" data-e-type=\"widget\" data-settings=\"{&quot;video_type&quot;:&quot;hosted&quot;,&quot;autoplay&quot;:&quot;yes&quot;,&quot;mute&quot;:&quot;yes&quot;,&quot;loop&quot;:&quot;yes&quot;}\" data-widget_type=\"video.default\">\n\t\t\t\t\t\t\t<div class=\"e-hosted-video elementor-wrapper elementor-open-inline\">\n\t\t\t\t\t<video class=\"elementor-video\" src=\"https:\/\/francofiorano.com.br\/wp-content\/uploads\/2025\/10\/level-brooklin-1dorm-Promob-Plus-Enterprise-5.60.39.4-2025-10-06-23-40-07.mp4\" autoplay=\"\" loop=\"\" muted=\"muted\" controlsList=\"nodownload\"><\/video>\n\t\t\t\t<\/div>\n\t\t\t\t\t\t<\/div>\n\t\t\t\t<\/div>\n\t\t\t\t<\/div>\n\t\t<div class=\"elementor-element elementor-element-b6ba62e e-con-full e-flex e-con e-child\" data-id=\"b6ba62e\" data-element_type=\"container\" data-e-type=\"container\" data-settings=\"{&quot;background_background&quot;:&quot;classic&quot;}\">\n\t\t\t\t<div class=\"elementor-element elementor-element-c32cb74 elementor-widget elementor-widget-heading\" data-id=\"c32cb74\" data-element_type=\"widget\" data-e-type=\"widget\" data-widget_type=\"heading.default\">\n\t\t\t\t\t<p class=\"elementor-heading-title elementor-size-default\">Somos especialistas em m\u00f3veis sob medida para investidores e anfitri\u00f5es de Airbnb, oferecendo solu\u00e7\u00f5es inteligentes, dur\u00e1veis e elegantes que valorizam cada metro do seu im\u00f3vel.<br><br>\n\n<img decoding=\"async\" role=\"img\" class=\"emoji\" alt=\"\ud83d\udcb3\" src=\"https:\/\/s.w.org\/images\/core\/emoji\/16.0.1\/svg\/1f4b3.svg\"> Facilitamos sua compra com pagamento direto na maquininha de cart\u00e3o de cr\u00e9dito, e garantimos descontos especiais para pagamentos \u00e0 vista.\nTransforme seu espa\u00e7o em um investimento de alto padr\u00e3o com a qualidade e o design exclusivo da Franco Fiorano.<\/p>\t\t\t\t<\/div>\n\t\t<div class=\"elementor-element elementor-element-38845ec e-con-full e-flex e-con e-child\" data-id=\"38845ec\" data-element_type=\"container\" data-e-type=\"container\">\n\t\t\t\t<div class=\"elementor-element elementor-element-224aa10 elementor-widget elementor-widget-image\" data-id=\"224aa10\" data-element_type=\"widget\" data-e-type=\"widget\" data-widget_type=\"image.default\">\n\t\t\t\t\t\t\t\t\t\t\t\t\t\t\t<img fetchpriority=\"high\" decoding=\"async\" width=\"315\" height=\"646\" src=\"https:\/\/francofiorano.com.br\/wp-content\/uploads\/2025\/10\/c6-bank-essencial.png\" class=\"attachment-large size-large wp-image-357\" alt=\"\" srcset=\"https:\/\/francofiorano.com.br\/wp-content\/uploads\/2025\/10\/c6-bank-essencial.png 315w, https:\/\/francofiorano.com.br\/wp-content\/uploads\/2025\/10\/c6-bank-essencial-146x300.png 146w\" sizes=\"(max-width: 315px) 100vw, 315px\" \/>\t\t\t\t\t\t\t\t\t\t\t\t\t\t\t<\/div>\n\t\t\t\t<\/div>\n\t\t\t\t<\/div>\n\t\t<div class=\"elementor-element elementor-element-f03d9cc e-con-full e-flex e-con e-child\" data-id=\"f03d9cc\" data-element_type=\"container\" data-e-type=\"container\" data-settings=\"{&quot;background_background&quot;:&quot;classic&quot;}\">\n\t\t\t\t<div class=\"elementor-element elementor-element-3570b4e elementor-widget elementor-widget-image\" data-id=\"3570b4e\" data-element_type=\"widget\" data-e-type=\"widget\" data-widget_type=\"image.default\">\n\t\t\t\t\t\t\t\t\t\t\t\t\t\t\t<img decoding=\"async\" width=\"1024\" height=\"1024\" src=\"https:\/\/francofiorano.com.br\/wp-content\/uploads\/2025\/10\/ffff-1024x1024.png\" class=\"attachment-large size-large wp-image-363\" alt=\"\" srcset=\"https:\/\/francofiorano.com.br\/wp-content\/uploads\/2025\/10\/ffff-1024x1024.png 1024w, https:\/\/francofiorano.com.br\/wp-content\/uploads\/2025\/10\/ffff-300x300.png 300w, https:\/\/francofiorano.com.br\/wp-content\/uploads\/2025\/10\/ffff-150x150.png 150w, https:\/\/francofiorano.com.br\/wp-content\/uploads\/2025\/10\/ffff-768x768.png 768w, https:\/\/francofiorano.com.br\/wp-content\/uploads\/2025\/10\/ffff-1536x1536.png 1536w, https:\/\/francofiorano.com.br\/wp-content\/uploads\/2025\/10\/ffff-2048x2048.png 2048w\" sizes=\"(max-width: 1024px) 100vw, 1024px\" \/>\t\t\t\t\t\t\t\t\t\t\t\t\t\t\t<\/div>\n\t\t\t\t<\/div>\n\t\t\t\t\t<\/div>\n\t\t\t\t<\/div>\n\t\t<div class=\"elementor-element elementor-element-a56658c e-flex e-con-boxed elementor-invisible e-con e-parent\" data-id=\"a56658c\" data-element_type=\"container\" data-e-type=\"container\" id=\"sobre\" data-settings=\"{&quot;background_background&quot;:&quot;classic&quot;,&quot;animation&quot;:&quot;fadeInLeft&quot;}\">\n\t\t\t\t\t<div class=\"e-con-inner\">\n\t\t<div class=\"elementor-element elementor-element-dc8becf e-con-full e-flex e-con e-child\" data-id=\"dc8becf\" data-element_type=\"container\" data-e-type=\"container\">\n\t\t\t\t<div class=\"elementor-element elementor-element-7c9863f elementor-widget elementor-widget-image\" data-id=\"7c9863f\" data-element_type=\"widget\" data-e-type=\"widget\" data-widget_type=\"image.default\">\n\t\t\t\t\t\t\t\t\t\t\t\t\t\t\t<img decoding=\"async\" width=\"683\" height=\"1024\" src=\"https:\/\/francofiorano.com.br\/wp-content\/uploads\/2025\/10\/06c83417-ff62-4b3a-acf8-7d7c630a82d4.png\" class=\"attachment-large size-large wp-image-395\" alt=\"\" srcset=\"https:\/\/francofiorano.com.br\/wp-content\/uploads\/2025\/10\/06c83417-ff62-4b3a-acf8-7d7c630a82d4.png 1024w, https:\/\/francofiorano.com.br\/wp-content\/uploads\/2025\/10\/06c83417-ff62-4b3a-acf8-7d7c630a82d4-200x300.png 200w\" sizes=\"(max-width: 683px) 100vw, 683px\" \/>\t\t\t\t\t\t\t\t\t\t\t\t\t\t\t<\/div>\n\t\t\t\t<\/div>\n\t\t<div class=\"elementor-element elementor-element-b052ea4 e-con-full e-flex e-con e-child\" data-id=\"b052ea4\" data-element_type=\"container\" data-e-type=\"container\">\n\t\t\t\t<div class=\"elementor-element elementor-element-a7a2d7d elementor-widget elementor-widget-image\" data-id=\"a7a2d7d\" data-element_type=\"widget\" data-e-type=\"widget\" data-widget_type=\"image.default\">\n\t\t\t\t\t\t\t\t\t\t\t\t\t\t\t<img loading=\"lazy\" decoding=\"async\" width=\"683\" height=\"1024\" src=\"https:\/\/francofiorano.com.br\/wp-content\/uploads\/2025\/10\/54242509-b9af-456c-8530-1f06668bfc03-4.png\" class=\"attachment-large size-large wp-image-390\" alt=\"\" srcset=\"https:\/\/francofiorano.com.br\/wp-content\/uploads\/2025\/10\/54242509-b9af-456c-8530-1f06668bfc03-4.png 1024w, https:\/\/francofiorano.com.br\/wp-content\/uploads\/2025\/10\/54242509-b9af-456c-8530-1f06668bfc03-4-200x300.png 200w\" sizes=\"(max-width: 683px) 100vw, 683px\" \/>\t\t\t\t\t\t\t\t\t\t\t\t\t\t\t<\/div>\n\t\t\t\t<\/div>\n\t\t<div class=\"elementor-element elementor-element-47939fa e-con-full e-flex e-con e-child\" data-id=\"47939fa\" data-element_type=\"container\" data-e-type=\"container\">\n\t\t\t\t<div class=\"elementor-element elementor-element-57dd794 elementor-widget elementor-widget-image\" data-id=\"57dd794\" data-element_type=\"widget\" data-e-type=\"widget\" data-widget_type=\"image.default\">\n\t\t\t\t\t\t\t\t\t\t\t\t\t\t\t<img loading=\"lazy\" decoding=\"async\" width=\"683\" height=\"1024\" src=\"https:\/\/francofiorano.com.br\/wp-content\/uploads\/2025\/10\/ce55ad33-9dbc-40b2-9d28-1b919b31b5c4.png\" class=\"attachment-large size-large wp-image-389\" alt=\"\" srcset=\"https:\/\/francofiorano.com.br\/wp-content\/uploads\/2025\/10\/ce55ad33-9dbc-40b2-9d28-1b919b31b5c4.png 1024w, https:\/\/francofiorano.com.br\/wp-content\/uploads\/2025\/10\/ce55ad33-9dbc-40b2-9d28-1b919b31b5c4-200x300.png 200w\" sizes=\"(max-width: 683px) 100vw, 683px\" \/>\t\t\t\t\t\t\t\t\t\t\t\t\t\t\t<\/div>\n\t\t\t\t<\/div>\n\t\t\t\t\t<\/div>\n\t\t\t\t<\/div>\n\t\t<div class=\"elementor-element elementor-element-3b1f31c e-con-full elementor-hidden-mobile e-flex elementor-invisible e-con e-parent\" data-id=\"3b1f31c\" data-element_type=\"container\" data-e-type=\"container\" data-settings=\"{&quot;position&quot;:&quot;fixed&quot;,&quot;sticky&quot;:&quot;top&quot;,&quot;sticky_on&quot;:[],&quot;animation&quot;:&quot;fadeIn&quot;,&quot;animation_delay&quot;:100,&quot;sticky_offset&quot;:0,&quot;sticky_effects_offset&quot;:0,&quot;sticky_anchor_link_offset&quot;:0}\">\n\t\t<div class=\"elementor-element elementor-element-f73a8be e-con-full e-flex e-con e-child\" data-id=\"f73a8be\" data-element_type=\"container\" data-e-type=\"container\">\n\t\t\t\t<div class=\"elementor-element elementor-element-4febe22 elementor-widget elementor-widget-heading\" data-id=\"4febe22\" data-element_type=\"widget\" data-e-type=\"widget\" data-widget_type=\"heading.default\">\n\t\t\t\t\t<h2 class=\"elementor-heading-title elementor-size-default\">Franco Fiorano<\/h2>\t\t\t\t<\/div>\n\t\t\t\t<\/div>\n\t\t<div class=\"elementor-element elementor-element-60927d4 e-con-full e-flex e-con e-child\" data-id=\"60927d4\" data-element_type=\"container\" data-e-type=\"container\">\n\t\t\t\t<div class=\"elementor-element elementor-element-bbe5904 elementor-widget elementor-widget-heading\" data-id=\"bbe5904\" data-element_type=\"widget\" data-e-type=\"widget\" data-settings=\"{&quot;_animation&quot;:&quot;none&quot;}\" data-widget_type=\"heading.default\">\n\t\t\t\t\t<h1 class=\"elementor-heading-title elementor-size-default\"><a href=\"#projetos\">PROJETOS<\/a><\/h1>\t\t\t\t<\/div>\n\t\t\t\t<\/div>\n\t\t<div class=\"elementor-element elementor-element-c6c823f e-con-full e-flex e-con e-child\" data-id=\"c6c823f\" data-element_type=\"container\" data-e-type=\"container\">\n\t\t\t\t<div class=\"elementor-element elementor-element-09591e8 elementor-widget elementor-widget-heading\" data-id=\"09591e8\" data-element_type=\"widget\" data-e-type=\"widget\" data-widget_type=\"heading.default\">\n\t\t\t\t\t<h1 class=\"elementor-heading-title elementor-size-default\"><a href=\"#sobre\">SOBRE<\/a><\/h1>\t\t\t\t<\/div>\n\t\t\t\t<\/div>\n\t\t<div class=\"elementor-element elementor-element-e00ddc5 e-con-full e-flex e-con e-child\" data-id=\"e00ddc5\" data-element_type=\"container\" data-e-type=\"container\" data-settings=\"{&quot;background_background&quot;:&quot;classic&quot;}\">\n\t\t\t\t<div class=\"elementor-element elementor-element-50401b0 elementor-widget elementor-widget-heading\" data-id=\"50401b0\" data-element_type=\"widget\" data-e-type=\"widget\" data-widget_type=\"heading.default\">\n\t\t\t\t\t<h1 class=\"elementor-heading-title elementor-size-default\"><a href=\"#contato\">CONTATO<\/a><\/h1>\t\t\t\t<\/div>\n\t\t\t\t<\/div>\n\t\t\t\t<\/div>\n\t\t<div class=\"elementor-element elementor-element-dea2b75 e-flex e-con-boxed e-con e-parent\" data-id=\"dea2b75\" data-element_type=\"container\" data-e-type=\"container\" id=\"contato\">\n\t\t\t\t\t<div class=\"e-con-inner\">\n\t\t\t\t<div class=\"elementor-element elementor-element-0c9f6fd elementor-widget elementor-widget-heading\" data-id=\"0c9f6fd\" data-element_type=\"widget\" data-e-type=\"widget\" data-widget_type=\"heading.default\">\n\t\t\t\t\t<h2 class=\"elementor-heading-title elementor-size-default\">CONTATO<\/h2>\t\t\t\t<\/div>\n\t\t\t\t\t<\/div>\n\t\t\t\t<\/div>\n\t\t<div class=\"elementor-element elementor-element-5818f6e e-flex e-con-boxed e-con e-parent\" data-id=\"5818f6e\" data-element_type=\"container\" data-e-type=\"container\">\n\t\t\t\t\t<div class=\"e-con-inner\">\n\t\t<div class=\"elementor-element elementor-element-3bb99e3 e-con-full e-flex e-con e-child\" data-id=\"3bb99e3\" data-element_type=\"container\" data-e-type=\"container\">\n\t\t<div class=\"elementor-element elementor-element-0838ee5 e-con-full e-flex e-con e-child\" data-id=\"0838ee5\" data-element_type=\"container\" data-e-type=\"container\">\n\t\t\t\t<div class=\"elementor-element elementor-element-bb04669 elementor-widget elementor-widget-heading\" data-id=\"bb04669\" data-element_type=\"widget\" data-e-type=\"widget\" data-widget_type=\"heading.default\">\n\t\t\t\t\t<h2 class=\"elementor-heading-title elementor-size-default\">E-mail<\/h2>\t\t\t\t<\/div>\n\t\t\t\t<\/div>\n\t\t<div class=\"elementor-element elementor-element-cd50065 e-con-full e-flex e-con e-child\" data-id=\"cd50065\" data-element_type=\"container\" data-e-type=\"container\">\n\t\t\t\t<div class=\"elementor-element elementor-element-a91e786 elementor-widget elementor-widget-heading\" data-id=\"a91e786\" data-element_type=\"widget\" data-e-type=\"widget\" data-widget_type=\"heading.default\">\n\t\t\t\t\t<h2 class=\"elementor-heading-title elementor-size-default\">projetos@francofiorano.com.br<\/h2>\t\t\t\t<\/div>\n\t\t\t\t<\/div>\n\t\t\t\t<\/div>\n\t\t<div class=\"elementor-element elementor-element-b486d5a e-con-full e-flex e-con e-child\" data-id=\"b486d5a\" data-element_type=\"container\" data-e-type=\"container\">\n\t\t<div class=\"elementor-element elementor-element-b4a26c3 e-con-full e-flex e-con e-child\" data-id=\"b4a26c3\" data-element_type=\"container\" data-e-type=\"container\">\n\t\t\t\t<div class=\"elementor-element elementor-element-ca061f4 elementor-widget elementor-widget-heading\" data-id=\"ca061f4\" data-element_type=\"widget\" data-e-type=\"widget\" data-widget_type=\"heading.default\">\n\t\t\t\t\t<h2 class=\"elementor-heading-title elementor-size-default\">Whatsapp<\/h2>\t\t\t\t<\/div>\n\t\t\t\t<\/div>\n\t\t<div class=\"elementor-element elementor-element-35c9e7f e-con-full e-flex e-con e-child\" data-id=\"35c9e7f\" data-element_type=\"container\" data-e-type=\"container\">\n\t\t\t\t<div class=\"elementor-element elementor-element-f963b43 elementor-widget elementor-widget-heading\" data-id=\"f963b43\" data-element_type=\"widget\" data-e-type=\"widget\" data-widget_type=\"heading.default\">\n\t\t\t\t\t<h2 class=\"elementor-heading-title elementor-size-default\">+55 11 95907-6394<\/h2>\t\t\t\t<\/div>\n\t\t\t\t<\/div>\n\t\t\t\t<\/div>\n\t\t\t\t\t<\/div>\n\t\t\t\t<\/div>\n\t\t<div class=\"elementor-element elementor-element-d2abd84 e-flex e-con-boxed e-con e-parent\" data-id=\"d2abd84\" data-element_type=\"container\" data-e-type=\"container\">\n\t\t\t\t\t<div class=\"e-con-inner\">\n\t\t\t\t<div class=\"elementor-element elementor-element-670a914 elementor-widget elementor-widget-heading\" data-id=\"670a914\" data-element_type=\"widget\" data-e-type=\"widget\" data-widget_type=\"heading.default\">\n\t\t\t\t\t<h4 class=\"elementor-heading-title elementor-size-default\">\u00a9 {2025} FRANCO FIORANO COMERCIO DE MOVEIS LTDA. Todos os direitos reservados. CNPJ: 61.454.994\/0001-00<\/h4>\t\t\t\t<\/div>\n\t\t\t\t\t<\/div>\n\t\t\t\t<\/div>\n\t\t\t\t<\/div>\n\t\t","protected":false},"excerpt":{"rendered":"<p>M\u00d3VEIS PLANEJADOS DIRETO DA F\u00c1BRICA PARA MORADORES E INVESTIDORES ENTRE EM CONTATO https:\/\/francofiorano.com.br\/wp-content\/uploads\/2025\/10\/Video_Franco_Fiorano.mp4_1759803555524.mp4 Projetos Portf\u00f3lio e experi\u00eancia em projetos 3d 100% edit\u00e1veis Projeto 3D interativo com imagens reais Nossos projetos 3D d\u00e3o vida ao seu ambiente, permitindo que voc\u00ea veja e edite cada detalhe do seu projeto em tempo real. Transforme suas ideias em realidade [&hellip;]<\/p>\n","protected":false},"author":1,"featured_media":0,"parent":0,"menu_order":0,"comment_status":"closed","ping_status":"closed","template":"","meta":{"footnotes":""},"class_list":["post-58","page","type-page","status-publish","hentry"],"_hostinger_reach_plugin_has_subscription_block":false,"_hostinger_reach_plugin_is_elementor":false,"_links":{"self":[{"href":"https:\/\/francofiorano.com.br\/index.php?rest_route=\/wp\/v2\/pages\/58","targetHints":{"allow":["GET"]}}],"collection":[{"href":"https:\/\/francofiorano.com.br\/index.php?rest_route=\/wp\/v2\/pages"}],"about":[{"href":"https:\/\/francofiorano.com.br\/index.php?rest_route=\/wp\/v2\/types\/page"}],"author":[{"embeddable":true,"href":"https:\/\/francofiorano.com.br\/index.php?rest_route=\/wp\/v2\/users\/1"}],"replies":[{"embeddable":true,"href":"https:\/\/francofiorano.com.br\/index.php?rest_route=%2Fwp%2Fv2%2Fcomments&post=58"}],"version-history":[{"count":352,"href":"https:\/\/francofiorano.com.br\/index.php?rest_route=\/wp\/v2\/pages\/58\/revisions"}],"predecessor-version":[{"id":456,"href":"https:\/\/francofiorano.com.br\/index.php?rest_route=\/wp\/v2\/pages\/58\/revisions\/456"}],"wp:attachment":[{"href":"https:\/\/francofiorano.com.br\/index.php?rest_route=%2Fwp%2Fv2%2Fmedia&parent=58"}],"curies":[{"name":"wp","href":"https:\/\/api.w.org\/{rel}","templated":true}]}}